{"id":13,"date":"2026-04-11T19:17:59","date_gmt":"2026-04-11T19:17:59","guid":{"rendered":"https:\/\/comfortable-rose-wombat.38-242-149-151.cpanel.site\/?page_id=13"},"modified":"2026-04-11T21:05:05","modified_gmt":"2026-04-11T21:05:05","slug":"home","status":"publish","type":"page","link":"https:\/\/comfortable-rose-wombat.38-242-149-151.cpanel.site\/","title":{"rendered":"Home"},"content":{"rendered":"\t\t<div data-elementor-type=\"wp-page\" data-elementor-id=\"13\" class=\"elementor elementor-13\">\n\t\t\t\t<div class=\"elementor-element elementor-element-b6e5670 e-flex e-con-boxed wpr-particle-no wpr-jarallax-no wpr-parallax-no wpr-sticky-section-no wpr-equal-height-no e-con e-parent\" data-id=\"b6e5670\" data-element_type=\"container\" data-e-type=\"container\" data-settings=\"{&quot;background_background&quot;:&quot;classic&quot;}\">\n\t\t\t\t\t<div class=\"e-con-inner\">\n\t\t<div class=\"elementor-element elementor-element-f579204 e-grid e-con-full wpr-particle-no wpr-jarallax-no wpr-parallax-no wpr-sticky-section-no wpr-equal-height-no e-con e-child\" data-id=\"f579204\" data-element_type=\"container\" data-e-type=\"container\">\n\t\t\t\t\t\t\t<h2 \n\t\tdata-interaction-id=\"62d927c\" \n\t\tclass=\"e-62d927c-c2b5035 e-heading-base\" \n\t\t \n\t\t\n\t>\n\t\n\t\t\tJaukus gyvenimas <br>Jonu\u010diuose\n\t\t<\/h2>\n\t\t\t\t\t\t\t\t<p class=\"e-2a51ff4-4f80237 e-paragraph-base\" data-interaction-id=\"2a51ff4\"  >\n\t\t\t\t\t\t\t\tTik Jonu\u010diuose gali atsirasti namai, kuriuos vadinsite savo Namu\u010diais.\n\t\t\t\t\t<\/p>\n\t\t\t\t<div class=\"elementor-element elementor-element-5e7a46d wpr-button-icon-style-inline wpr-button-icon-position-right elementor-widget elementor-widget-wpr-button\" data-id=\"5e7a46d\" data-element_type=\"widget\" data-e-type=\"widget\" data-widget_type=\"wpr-button.default\">\n\t\t\t\t\t\t\n\t\t\t\n\t\t\n\t\t<div class=\"wpr-button-wrap elementor-clearfix\">\n\t\t<a class=\"wpr-button wpr-button-effect wpr-button-none\" data-text=\"\" href=\"#link\">\n\t\t\t\n\t\t\t<span class=\"wpr-button-content\">\n\t\t\t\t\t\t\t\t\t<span class=\"wpr-button-text\">RINKTIS B\u016aST\u0104<\/span>\n\t\t\t\t\t\t\t\t\n\t\t\t\t\t\t\t<\/span>\n\t\t<\/a>\n\n\t\t\t\t<\/div>\n\t\n\t\n\t\t\t\t\t<\/div>\n\t\t\t\t<\/div>\n\t\t\t\t\t<\/div>\n\t\t\t\t<\/div>\n\t\t\t\t<\/div>\n\t\t","protected":false},"excerpt":{"rendered":"<p>Jaukus gyvenimas Jonu\u010diuose Tik Jonu\u010diuose gali atsirasti namai, kuriuos vadinsite savo Namu\u010diais. RINKTIS B\u016aST\u0104<\/p>\n","protected":false},"author":1,"featured_media":0,"parent":0,"menu_order":0,"comment_status":"closed","ping_status":"closed","template":"elementor_canvas","meta":{"footnotes":""},"class_list":["post-13","page","type-page","status-publish","hentry"],"_links":{"self":[{"href":"https:\/\/comfortable-rose-wombat.38-242-149-151.cpanel.site\/index.php\/wp-json\/wp\/v2\/pages\/13","targetHints":{"allow":["GET"]}}],"collection":[{"href":"https:\/\/comfortable-rose-wombat.38-242-149-151.cpanel.site\/index.php\/wp-json\/wp\/v2\/pages"}],"about":[{"href":"https:\/\/comfortable-rose-wombat.38-242-149-151.cpanel.site\/index.php\/wp-json\/wp\/v2\/types\/page"}],"author":[{"embeddable":true,"href":"https:\/\/comfortable-rose-wombat.38-242-149-151.cpanel.site\/index.php\/wp-json\/wp\/v2\/users\/1"}],"replies":[{"embeddable":true,"href":"https:\/\/comfortable-rose-wombat.38-242-149-151.cpanel.site\/index.php\/wp-json\/wp\/v2\/comments?post=13"}],"version-history":[{"count":67,"href":"https:\/\/comfortable-rose-wombat.38-242-149-151.cpanel.site\/index.php\/wp-json\/wp\/v2\/pages\/13\/revisions"}],"predecessor-version":[{"id":92,"href":"https:\/\/comfortable-rose-wombat.38-242-149-151.cpanel.site\/index.php\/wp-json\/wp\/v2\/pages\/13\/revisions\/92"}],"wp:attachment":[{"href":"https:\/\/comfortable-rose-wombat.38-242-149-151.cpanel.site\/index.php\/wp-json\/wp\/v2\/media?parent=13"}],"curies":[{"name":"wp","href":"https:\/\/api.w.org\/{rel}","templated":true}]}}